{"id":43269,"date":"2026-03-05T13:45:26","date_gmt":"2026-03-05T13:45:26","guid":{"rendered":"https:\/\/gaddbetak.com\/?post_type=product&#038;p=43269"},"modified":"2026-03-05T13:45:27","modified_gmt":"2026-03-05T13:45:27","slug":"%d8%a7%d9%8a%d9%83%d9%88%d9%85%d8%a7%d8%aa%d9%8a%d9%83-%d9%85%d8%b3%d8%b7%d8%ad-60-%d8%b3%d9%85-4-%d8%a8%d9%84%d8%a7%d8%b7%d8%a9-%d8%aa%d8%b3%d8%ae%d9%8a%d9%86-%d9%83%d9%87%d8%b1%d8%a8%d8%a7%d8%a1","status":"publish","type":"product","link":"https:\/\/gaddbetak.com\/en\/product\/%d8%a7%d9%8a%d9%83%d9%88%d9%85%d8%a7%d8%aa%d9%8a%d9%83-%d9%85%d8%b3%d8%b7%d8%ad-60-%d8%b3%d9%85-4-%d8%a8%d9%84%d8%a7%d8%b7%d8%a9-%d8%aa%d8%b3%d8%ae%d9%8a%d9%86-%d9%83%d9%87%d8%b1%d8%a8%d8%a7%d8%a1\/","title":{"rendered":"\u0627\u064a\u0643\u0648\u0645\u0627\u062a\u064a\u0643 \u0645\u0633\u0637\u062d 60 \u0633\u0645 4 \u0628\u0644\u0627\u0637\u0629 \u062a\u0633\u062e\u064a\u0646 \u0643\u0647\u0631\u0628\u0627\u0621 \u0627\u0633\u062a\u0627\u0646\u0644\u0633 ES603O"},"content":{"rendered":"<ul>\n<li>\u0645\u0633\u0637\u062d 60\u0633\u0645 \u0625\u0633\u062a\u0627\u0646\u0644\u0633 \u0633\u062a\u064a\u0644 \u2013 \u062a\u062d\u0643\u0645 \u062c\u0627\u0646\u0628\u0649.<\/li>\n<li>\u0623\u0641\u0636\u0644 \u062f\u0631\u062c\u0627\u062a \u0627\u0644\u0623\u0633\u062a\u0627\u0646\u0644\u0633 \u0633\u062a\u064a\u0644 (304) \u2013 \u0645\u0642\u0627\u0648\u0645 \u0644\u0644\u062a\u0622\u0643\u0644 \u0648 \u0627\u0644\u062d\u0631\u0627\u0631\u0647.<\/li>\n<li>4 \u0628\u0644\u0627\u0637\u0629 \u062a\u0633\u062e\u064a\u0646 \u0643\u0647\u0631\u0628\u0627\u0621: \u0628\u0644\u0627\u0637\u0627\u062a \u062a\u0633\u062e\u064a\u0646 \u0633\u0631\u064a\u0639\u0647.<\/li>\n<li>1 \u0628\u0644\u0627\u0637\u0647 \u0647\u0627\u064a\u0628\u0631 \u00d7 \u00d8180 \u00d7 2.0 \u0643\u064a\u0644\u0648\u0648\u0627\u062a.<\/li>\n<li>1 \u0628\u0644\u0627\u0637\u0647 \u0633\u0631\u064a\u0639\u0647 \u00d7 \u00d8180 \u00d7 2.0 \u0643\u064a\u0644\u0648\u0648\u0627\u062a.<\/li>\n<li>2 \u0628\u0644\u0627\u0637\u0647 \u0648\u0633\u0637 \u00d7 \u00d8145 \u00d7 1.5 \u0643\u064a\u0644\u0648\u0648\u0627\u062a.<\/li>\n<li>\u062a\u0631\u0645\u0648\u0633\u062a\u0627\u062a \u0623\u0645\u0627\u0646 \u0625\u0636\u0627\u0641\u0649.<\/li>\n<li>\u0636\u0645\u0627\u0646 10 \u0633\u0646\u0648\u0627\u062a<\/li>\n<li>\u0635\u0646\u0639 \u0641\u064a \u062a\u0631\u0643\u064a\u0627<\/li>\n<\/ul>\n","protected":false},"excerpt":{"rendered":"<p>\u0645\u0633\u0637\u062d 60\u0633\u0645 \u0625\u0633\u062a\u0627\u0646\u0644\u0633 \u0633\u062a\u064a\u0644 \u2013 \u062a\u062d\u0643\u0645 \u062c\u0627\u0646\u0628\u0649. \u0623\u0641\u0636\u0644 \u062f\u0631\u062c\u0627\u062a \u0627\u0644\u0623\u0633\u062a\u0627\u0646\u0644\u0633 \u0633\u062a\u064a\u0644 (304) \u2013 \u0645\u0642\u0627\u0648\u0645 \u0644\u0644\u062a\u0622\u0643\u0644 \u0648 \u0627\u0644\u062d\u0631\u0627\u0631\u0647. 4 \u0628\u0644\u0627\u0637\u0629 \u062a\u0633\u062e\u064a\u0646<\/p>\n","protected":false},"featured_media":43273,"comment_status":"open","ping_status":"closed","template":"","meta":{"_joinchat":[]},"product_brand":[],"product_cat":[537],"product_tag":[],"class_list":{"0":"post-43269","1":"product","2":"type-product","3":"status-publish","4":"has-post-thumbnail","6":"product_cat-built-in","8":"first","9":"instock","10":"sale","11":"shipping-taxable","12":"purchasable","13":"product-type-simple"},"_links":{"self":[{"href":"https:\/\/gaddbetak.com\/en\/wp-json\/wp\/v2\/product\/43269","targetHints":{"allow":["GET"]}}],"collection":[{"href":"https:\/\/gaddbetak.com\/en\/wp-json\/wp\/v2\/product"}],"about":[{"href":"https:\/\/gaddbetak.com\/en\/wp-json\/wp\/v2\/types\/product"}],"replies":[{"embeddable":true,"href":"https:\/\/gaddbetak.com\/en\/wp-json\/wp\/v2\/comments?post=43269"}],"version-history":[{"count":1,"href":"https:\/\/gaddbetak.com\/en\/wp-json\/wp\/v2\/product\/43269\/revisions"}],"predecessor-version":[{"id":43275,"href":"https:\/\/gaddbetak.com\/en\/wp-json\/wp\/v2\/product\/43269\/revisions\/43275"}],"wp:featuredmedia":[{"embeddable":true,"href":"https:\/\/gaddbetak.com\/en\/wp-json\/wp\/v2\/media\/43273"}],"wp:attachment":[{"href":"https:\/\/gaddbetak.com\/en\/wp-json\/wp\/v2\/media?parent=43269"}],"wp:term":[{"taxonomy":"product_brand","embeddable":true,"href":"https:\/\/gaddbetak.com\/en\/wp-json\/wp\/v2\/product_brand?post=43269"},{"taxonomy":"product_cat","embeddable":true,"href":"https:\/\/gaddbetak.com\/en\/wp-json\/wp\/v2\/product_cat?post=43269"},{"taxonomy":"product_tag","embeddable":true,"href":"https:\/\/gaddbetak.com\/en\/wp-json\/wp\/v2\/product_tag?post=43269"}],"curies":[{"name":"wp","href":"https:\/\/api.w.org\/{rel}","templated":true}]}}