{"id":20652,"date":"2024-08-11T19:46:51","date_gmt":"2024-08-11T19:46:51","guid":{"rendered":"https:\/\/lawngreen-pelican-777518.hostingersite.com\/product\/gorenje-washing-machine-10-kg-1400-rpm-silver-wnei14as-a\/"},"modified":"2024-12-26T19:22:48","modified_gmt":"2024-12-26T19:22:48","slug":"gorenje-washing-machine-10-kg-1400-rpm-silver-wnei14as-a","status":"publish","type":"product","link":"https:\/\/gaddbetak.com\/en\/product\/gorenje-washing-machine-10-kg-1400-rpm-silver-wnei14as-a\/","title":{"rendered":"Gorenje Washing Machine 10 KG 1400 RPM Silver WNEI14AS\/A"},"content":{"rendered":"<p>Gorenje Washing Machine 10 KG 1400 RPM Silver WNEI14AS\/A<\/p>\n<section class=\"section-md bg-default\">\n<div class=\"container\">\n<div class=\"row row-60\">\n<div class=\"col-sm-12\">\n<div class=\"tab-content text-left rtl\">\n<div id=\"tabs-1-2\" class=\"tab-pane fade active show\">\n<div class=\"productDetails2-dataPanel-inner\">\n<ul>\n<li>Color: Metallic grey<\/li>\n<li>Inverter PowerDrive motor<\/li>\n<li>WaveActive drum<\/li>\n<li>Spin speed: 1,400 rpm<\/li>\n<li>Washing capacity: 8 kg<\/li>\n<li>Drum volume: 54 l<\/li>\n<li>Control: Button, With display, With key<\/li>\n<li>Type of display: LED display<\/li>\n<li>Delayed Start: Yes Cold wash: Button<\/li>\n<li>\u063a\u0633\u064a\u0644 \u0628\u0627\u0631\u062f: \u0632\u0631<\/li>\n<li>Simple interface<\/li>\n<li>\u0627\u0644\u0625\u0639\u062f\u0627\u062f\u0627\u062a \u0627\u0644\u0634\u062e\u0635\u064a\u0629 \u0644\u062c\u0645\u064a\u0639 \u0627\u0644\u0628\u0631\u0627\u0645\u062c<\/li>\n<li>16 programmes<\/li>\n<li>Programmes: Cotton, Mix\/synthetics, Wool\/hand program, ExtraHygiene<\/li>\n<li>Special programmes: Baby clothes \/ Shirts \/ PowerWash 59` \/ Quick 20` \/ Pillow \/ Pets \/ Daily wash<\/li>\n<li>Easy ironing<\/li>\n<li>Temperature setting<\/li>\n<li>Quick wash programme<\/li>\n<li>Shortening program two levels<\/li>\n<li>Personal settings saving<\/li>\n<li>Modes: NormalCare, TimeCare<\/li>\n<li>Washing modes<\/li>\n<li>Steam function<\/li>\n<li>Laundry adding<\/li>\n<li>Pump stop<\/li>\n<li>End of washing setting<\/li>\n<li>SteamTech<\/li>\n<li>Audio signal SoftSound<\/li>\n<li>Self cleaning program<\/li>\n<li>StableTech side panels<\/li>\n<li>Sleek door<\/li>\n<li>Lockable control panel<\/li>\n<li>Total annual water consumption: 10,309 l<\/li>\n<li>Estimated annual energy consumption: 185 kWh<\/li>\n<li>Washing cycle duration at 60\u00b0C &#8211; Cotton: 214 min<\/li>\n<li>Noise level washing: 53 dB(A)re 1 pW<\/li>\n<li>Noise level spinning: 74 dB(A)re 1 pW<\/li>\n<li>Water consumption per cycle: 54 l<\/li>\n<li>Electricity consumption kWh\/cycle: 0.9 kWh<\/li>\n<li>Dimensions (W\u00d7H\u00d7D): 60 \u00d7 85 \u00d7 54.5 cm<\/li>\n<li>Dimensions of packed product (W\u00d7H\u00d7D): 64 \u00d7 89 \u00d7 62.7 cm<\/li>\n<li>Net weight: 64.8 kg<\/li>\n<li>Gross weight: 66.2 kg<\/li>\n<li>Consumption in standby mode: 0.3 W<\/li>\n<li>Connected load: 1,900 W<\/li>\n<li>Nominal current of fuse: 10 amp<\/li>\n<li>Product code: 741081<\/li>\n<li>EAN code: 3838782642180<\/li>\n<\/ul>\n<\/div>\n<\/div>\n<\/div>\n<\/div>\n<\/div>\n<\/div>\n<\/section>\n<div class=\"container\"><\/div>\n","protected":false},"excerpt":{"rendered":"<ul>\n<li>5-year warranty<\/li>\n<li>Made in Italy<\/li>\n<\/ul>\n","protected":false},"featured_media":17133,"comment_status":"open","ping_status":"closed","template":"","meta":{"_joinchat":[]},"product_brand":[],"product_cat":[783],"product_tag":[],"class_list":{"0":"post-20652","1":"product","2":"type-product","3":"status-publish","4":"has-post-thumbnail","6":"product_cat-washers-dryers","8":"first","9":"instock","10":"sale","11":"featured","12":"shipping-taxable","13":"purchasable","14":"product-type-simple"},"_links":{"self":[{"href":"https:\/\/gaddbetak.com\/en\/wp-json\/wp\/v2\/product\/20652","targetHints":{"allow":["GET"]}}],"collection":[{"href":"https:\/\/gaddbetak.com\/en\/wp-json\/wp\/v2\/product"}],"about":[{"href":"https:\/\/gaddbetak.com\/en\/wp-json\/wp\/v2\/types\/product"}],"replies":[{"embeddable":true,"href":"https:\/\/gaddbetak.com\/en\/wp-json\/wp\/v2\/comments?post=20652"}],"version-history":[{"count":1,"href":"https:\/\/gaddbetak.com\/en\/wp-json\/wp\/v2\/product\/20652\/revisions"}],"predecessor-version":[{"id":24888,"href":"https:\/\/gaddbetak.com\/en\/wp-json\/wp\/v2\/product\/20652\/revisions\/24888"}],"wp:featuredmedia":[{"embeddable":true,"href":"https:\/\/gaddbetak.com\/en\/wp-json\/wp\/v2\/media\/17133"}],"wp:attachment":[{"href":"https:\/\/gaddbetak.com\/en\/wp-json\/wp\/v2\/media?parent=20652"}],"wp:term":[{"taxonomy":"product_brand","embeddable":true,"href":"https:\/\/gaddbetak.com\/en\/wp-json\/wp\/v2\/product_brand?post=20652"},{"taxonomy":"product_cat","embeddable":true,"href":"https:\/\/gaddbetak.com\/en\/wp-json\/wp\/v2\/product_cat?post=20652"},{"taxonomy":"product_tag","embeddable":true,"href":"https:\/\/gaddbetak.com\/en\/wp-json\/wp\/v2\/product_tag?post=20652"}],"curies":[{"name":"wp","href":"https:\/\/api.w.org\/{rel}","templated":true}]}}